{"id":740,"date":"2020-12-23T10:15:57","date_gmt":"2020-12-23T10:15:57","guid":{"rendered":"https:\/\/accodo.gilberg.de\/?page_id=740"},"modified":"2020-12-27T10:26:48","modified_gmt":"2020-12-27T10:26:48","slug":"geosystem","status":"publish","type":"page","link":"https:\/\/accodo.gilberg.de\/index.php\/geosystem\/","title":{"rendered":"Geosystem"},"content":{"rendered":"\t\t<div data-elementor-type=\"wp-page\" data-elementor-id=\"740\" class=\"elementor elementor-740\" data-elementor-settings=\"[]\">\n\t\t\t\t\t\t<div class=\"elementor-inner\">\n\t\t\t\t\t\t\t<div class=\"elementor-section-wrap\">\n\t\t\t\t\t\t\t<section class=\"elementor-section elementor-top-section elementor-element elementor-element-c716b19 elementor-section-height-min-height elementor-section-content-middle elementor-section-boxed elementor-section-height-default elementor-section-items-middle\" data-id=\"c716b19\" data-element_type=\"section\" data-settings=\"{&quot;background_background&quot;:&quot;classic&quot;,&quot;shape_divider_bottom&quot;:&quot;tilt&quot;}\">\n\t\t\t\t\t\t\t<div class=\"elementor-background-overlay\"><\/div>\n\t\t\t\t\t\t<div class=\"elementor-shape elementor-shape-bottom\" data-negative=\"false\">\n\t\t\t<svg xmlns=\"http:\/\/www.w3.org\/2000\/svg\" viewBox=\"0 0 1000 100\" preserveAspectRatio=\"none\">\n\t<path class=\"elementor-shape-fill\" d=\"M0,6V0h1000v100L0,6z\"\/>\n<\/svg>\t\t<\/div>\n\t\t\t\t\t<div class=\"elementor-container elementor-column-gap-default\">\n\t\t\t\t\t\t\t<div class=\"elementor-row\">\n\t\t\t\t\t<div class=\"elementor-column elementor-col-100 elementor-top-column elementor-element elementor-element-17cc22b\" data-id=\"17cc22b\" data-element_type=\"column\">\n\t\t\t<div class=\"elementor-column-wrap\">\n\t\t\t\t\t\t\t<div class=\"elementor-widget-wrap\">\n\t\t\t\t\t\t\t\t<\/div>\n\t\t\t\t\t<\/div>\n\t\t<\/div>\n\t\t\t\t\t\t\t\t<\/div>\n\t\t\t\t\t<\/div>\n\t\t<\/section>\n\t\t\t\t<section class=\"elementor-section elementor-top-section elementor-element elementor-element-2aff4823 envato-kit-141-top-0 elementor-section-boxed elementor-section-height-default elementor-section-height-default\" data-id=\"2aff4823\" data-element_type=\"section\" data-settings=\"{&quot;background_background&quot;:&quot;classic&quot;}\">\n\t\t\t\t\t\t\t<div class=\"elementor-background-overlay\"><\/div>\n\t\t\t\t\t\t\t<div class=\"elementor-container elementor-column-gap-wider\">\n\t\t\t\t\t\t\t<div class=\"elementor-row\">\n\t\t\t\t\t<div class=\"elementor-column elementor-col-50 elementor-top-column elementor-element elementor-element-342e7303\" data-id=\"342e7303\" data-element_type=\"column\">\n\t\t\t<div class=\"elementor-column-wrap elementor-element-populated\">\n\t\t\t\t\t\t\t<div class=\"elementor-widget-wrap\">\n\t\t\t\t\t\t<div class=\"elementor-element elementor-element-2791da12 elementor-widget-divider--view-line elementor-invisible elementor-widget elementor-widget-divider\" data-id=\"2791da12\" data-element_type=\"widget\" data-settings=\"{&quot;_animation&quot;:&quot;fadeIn&quot;,&quot;_animation_delay&quot;:200}\" data-widget_type=\"divider.default\">\n\t\t\t\t<div class=\"elementor-widget-container\">\n\t\t\t\t\t<div class=\"elementor-divider\">\n\t\t\t<span class=\"elementor-divider-separator\">\n\t\t\t\t\t\t<\/span>\n\t\t<\/div>\n\t\t\t\t<\/div>\n\t\t\t\t<\/div>\n\t\t\t\t<div class=\"elementor-element elementor-element-3ad35fd5 elementor-invisible elementor-widget elementor-widget-heading\" data-id=\"3ad35fd5\" data-element_type=\"widget\" data-settings=\"{&quot;_animation&quot;:&quot;fadeIn&quot;,&quot;_animation_delay&quot;:50}\" data-widget_type=\"heading.default\">\n\t\t\t\t<div class=\"elementor-widget-container\">\n\t\t\t<h2 class=\"elementor-heading-title elementor-size-default\">Geosystem<\/h2>\t\t<\/div>\n\t\t\t\t<\/div>\n\t\t\t\t<div class=\"elementor-element elementor-element-74bc8994 elementor-invisible elementor-widget elementor-widget-heading\" data-id=\"74bc8994\" data-element_type=\"widget\" data-settings=\"{&quot;_animation&quot;:&quot;fadeIn&quot;,&quot;_animation_delay&quot;:100}\" data-widget_type=\"heading.default\">\n\t\t\t\t<div class=\"elementor-widget-container\">\n\t\t\t<h2 class=\"elementor-heading-title elementor-size-default\">Die wirtschaftliche L\u00f6sung\n\nf\u00fcr die 3D-Realit\u00e4tserfassung<\/h2>\t\t<\/div>\n\t\t\t\t<\/div>\n\t\t\t\t\t\t<\/div>\n\t\t\t\t\t<\/div>\n\t\t<\/div>\n\t\t\t\t<div class=\"elementor-column elementor-col-50 elementor-top-column elementor-element elementor-element-2131a442\" data-id=\"2131a442\" data-element_type=\"column\">\n\t\t\t<div class=\"elementor-column-wrap elementor-element-populated\">\n\t\t\t\t\t\t\t<div class=\"elementor-widget-wrap\">\n\t\t\t\t\t\t<div class=\"elementor-element elementor-element-3bc49321 elementor-widget elementor-widget-text-editor\" data-id=\"3bc49321\" data-element_type=\"widget\" data-widget_type=\"text-editor.default\">\n\t\t\t\t<div class=\"elementor-widget-container\">\n\t\t\t\t\t<div class=\"elementor-text-editor elementor-clearfix\"><p>Mit unserem neuen Service bieten wir Ihnen eine Vielzahl von CAD-, BIM-, VR- und AR-Anwendungen.<\/p><p>Wir vermessen f\u00fcr Sie Ihre Objekte und bearbeiten die Daten nach Ihren W\u00fcnschen. So vereinfachen wir den Erfassungsprozess f\u00fcr alle Planer und Einrichter, die keine Vermessungsfachleute haben und f\u00fcr Ihre Projekte auf 3D-Daten angewiesen sind. Nutzen Sie eine einfache, wirtschaftliche und effektive L\u00f6sung gegen\u00fcber klassischen und aufw\u00e4ndigen Messmethoden.<\/p><p>Sprechen Sie mit uns \u00fcber Ihr Vorhaben. Gerne unterbreiten wir Ihnen ein Angebot.<\/p><\/div>\n\t\t\t\t<\/div>\n\t\t\t\t<\/div>\n\t\t\t\t\t\t<\/div>\n\t\t\t\t\t<\/div>\n\t\t<\/div>\n\t\t\t\t\t\t\t\t<\/div>\n\t\t\t\t\t<\/div>\n\t\t<\/section>\n\t\t\t\t<section class=\"elementor-section elementor-top-section elementor-element elementor-element-af2e54d elementor-section-boxed elementor-section-height-default elementor-section-height-default\" data-id=\"af2e54d\" data-element_type=\"section\">\n\t\t\t\t\t\t<div class=\"elementor-container elementor-column-gap-default\">\n\t\t\t\t\t\t\t<div class=\"elementor-row\">\n\t\t\t\t\t<div class=\"elementor-column elementor-col-33 elementor-top-column elementor-element elementor-element-3a3e7d4\" data-id=\"3a3e7d4\" data-element_type=\"column\">\n\t\t\t<div class=\"elementor-column-wrap\">\n\t\t\t\t\t\t\t<div class=\"elementor-widget-wrap\">\n\t\t\t\t\t\t\t\t<\/div>\n\t\t\t\t\t<\/div>\n\t\t<\/div>\n\t\t\t\t<div class=\"elementor-column elementor-col-33 elementor-top-column elementor-element elementor-element-76e31fe\" data-id=\"76e31fe\" data-element_type=\"column\">\n\t\t\t<div class=\"elementor-column-wrap elementor-element-populated\">\n\t\t\t\t\t\t\t<div class=\"elementor-widget-wrap\">\n\t\t\t\t\t\t<div class=\"elementor-element elementor-element-ce29fe3 elementor-widget elementor-widget-image\" data-id=\"ce29fe3\" data-element_type=\"widget\" data-widget_type=\"image.default\">\n\t\t\t\t<div class=\"elementor-widget-container\">\n\t\t\t\t\t<div class=\"elementor-image\">\n\t\t\t\t\t\t\t\t\t\t<img width=\"800\" height=\"792\" src=\"https:\/\/accodo.gilberg.de\/wp-content\/uploads\/2020\/12\/leica-1460x1446-1-1024x1014.jpg\" class=\"attachment-large size-large\" alt=\"\" loading=\"lazy\" srcset=\"https:\/\/accodo.gilberg.de\/wp-content\/uploads\/2020\/12\/leica-1460x1446-1-1024x1014.jpg 1024w, https:\/\/accodo.gilberg.de\/wp-content\/uploads\/2020\/12\/leica-1460x1446-1-300x297.jpg 300w, https:\/\/accodo.gilberg.de\/wp-content\/uploads\/2020\/12\/leica-1460x1446-1-150x150.jpg 150w, https:\/\/accodo.gilberg.de\/wp-content\/uploads\/2020\/12\/leica-1460x1446-1-768x761.jpg 768w, https:\/\/accodo.gilberg.de\/wp-content\/uploads\/2020\/12\/leica-1460x1446-1-1200x1188.jpg 1200w, https:\/\/accodo.gilberg.de\/wp-content\/uploads\/2020\/12\/leica-1460x1446-1.jpg 1460w\" sizes=\"(max-width: 800px) 100vw, 800px\" \/>\t\t\t\t\t\t\t\t\t\t\t<\/div>\n\t\t\t\t<\/div>\n\t\t\t\t<\/div>\n\t\t\t\t\t\t<\/div>\n\t\t\t\t\t<\/div>\n\t\t<\/div>\n\t\t\t\t<div class=\"elementor-column elementor-col-33 elementor-top-column elementor-element elementor-element-ef5b4a6\" data-id=\"ef5b4a6\" data-element_type=\"column\">\n\t\t\t<div class=\"elementor-column-wrap elementor-element-populated\">\n\t\t\t\t\t\t\t<div class=\"elementor-widget-wrap\">\n\t\t\t\t\t\t<div class=\"elementor-element elementor-element-d1a8e8c elementor-widget elementor-widget-text-editor\" data-id=\"d1a8e8c\" data-element_type=\"widget\" data-widget_type=\"text-editor.default\">\n\t\t\t\t<div class=\"elementor-widget-container\">\n\t\t\t\t\t<div class=\"elementor-text-editor elementor-clearfix\"><div id=\"pu18265\" class=\"clearfix grpelem\"><div id=\"u15450-9\" class=\"clearfix colelem\"><ul><li>360\u00b0 Scanner<\/li><li>Scanaufl\u00f6sung bis zu 360.000 Punkte\/Sekunde<\/li><li>360\u00b0-Komplettaufl\u00f6sung in unter 3 Minuten<\/li><\/ul><\/div><\/div><\/div>\n\t\t\t\t<\/div>\n\t\t\t\t<\/div>\n\t\t\t\t\t\t<\/div>\n\t\t\t\t\t<\/div>\n\t\t<\/div>\n\t\t\t\t\t\t\t\t<\/div>\n\t\t\t\t\t<\/div>\n\t\t<\/section>\n\t\t\t\t\t\t<\/div>\n\t\t\t\t\t\t<\/div>\n\t\t\t\t\t<\/div>\n\t\t","protected":false},"excerpt":{"rendered":"<p>Geosystem Die wirtschaftliche L\u00f6sung f\u00fcr die 3D-Realit\u00e4tserfassung Mit unserem neuen Service bieten wir Ihnen eine Vielzahl von CAD-, BIM-, VR- und AR-Anwendungen. Wir vermessen f\u00fcr Sie Ihre Objekte und bearbeiten die Daten nach Ihren W\u00fcnschen. So vereinfachen wir den Erfassungsprozess f\u00fcr alle Planer und Einrichter, die keine Vermessungsfachleute haben und f\u00fcr Ihre Projekte auf 3D-Daten [&hellip;]<\/p>\n","protected":false},"author":1,"featured_media":0,"parent":0,"menu_order":0,"comment_status":"closed","ping_status":"closed","template":"elementor_header_footer","meta":[],"_links":{"self":[{"href":"https:\/\/accodo.gilberg.de\/index.php\/wp-json\/wp\/v2\/pages\/740"}],"collection":[{"href":"https:\/\/accodo.gilberg.de\/index.php\/wp-json\/wp\/v2\/pages"}],"about":[{"href":"https:\/\/accodo.gilberg.de\/index.php\/wp-json\/wp\/v2\/types\/page"}],"author":[{"embeddable":true,"href":"https:\/\/accodo.gilberg.de\/index.php\/wp-json\/wp\/v2\/users\/1"}],"replies":[{"embeddable":true,"href":"https:\/\/accodo.gilberg.de\/index.php\/wp-json\/wp\/v2\/comments?post=740"}],"version-history":[{"count":19,"href":"https:\/\/accodo.gilberg.de\/index.php\/wp-json\/wp\/v2\/pages\/740\/revisions"}],"predecessor-version":[{"id":1334,"href":"https:\/\/accodo.gilberg.de\/index.php\/wp-json\/wp\/v2\/pages\/740\/revisions\/1334"}],"wp:attachment":[{"href":"https:\/\/accodo.gilberg.de\/index.php\/wp-json\/wp\/v2\/media?parent=740"}],"curies":[{"name":"wp","href":"https:\/\/api.w.org\/{rel}","templated":true}]}}